{"id":2,"date":"2022-03-07T10:13:11","date_gmt":"2022-03-07T10:13:11","guid":{"rendered":"http:\/\/cultura.fagavalencia.com\/?page_id=2"},"modified":"2022-03-07T21:39:52","modified_gmt":"2022-03-07T21:39:52","slug":"pagina-ejemplo","status":"publish","type":"page","link":"http:\/\/cultura.fagavalencia.com\/index.php\/pagina-ejemplo\/","title":{"rendered":"INICIO"},"content":{"rendered":"\n<p>Este es proyecto nace con una clara voluntad divulgativa, queremos explicar de forma sencilla y accesible a todas las personas la Historia y la cultura del pueblo gitano.<\/p>\n\n\n\n<p>Vamos a tratar de citar todas las fuentes, y buscar la mayor colaboraci\u00f3n entre todas las personas y entidades afines a la promoci\u00f3n y difusi\u00f3n de la cultura gitana.  De esta forma, pondremos en valor la resistencia y la aportaci\u00f3n real de un pueblo que a lo largo de los siglos a proporcionado un valor cultural y existencial unico y diferente. Frente a sociedades y culturas mayoritarias el pueblo gitano a sobrevivido, no sin ostilidades y a d\u00eda de hoy aporta uan mirada unica.<\/p>\n\n\n\n<figure class=\"wp-block-image size-large\"><img loading=\"lazy\" width=\"1024\" height=\"469\" src=\"http:\/\/cultura.fagavalencia.com\/wp-content\/uploads\/2022\/03\/portada-cultura-y-historia-1024x469.jpg\" alt=\"\" class=\"wp-image-39\" srcset=\"http:\/\/cultura.fagavalencia.com\/wp-content\/uploads\/2022\/03\/portada-cultura-y-historia-1024x469.jpg 1024w, http:\/\/cultura.fagavalencia.com\/wp-content\/uploads\/2022\/03\/portada-cultura-y-historia-300x138.jpg 300w, http:\/\/cultura.fagavalencia.com\/wp-content\/uploads\/2022\/03\/portada-cultura-y-historia-768x352.jpg 768w, http:\/\/cultura.fagavalencia.com\/wp-content\/uploads\/2022\/03\/portada-cultura-y-historia.jpg 1200w\" sizes=\"(max-width: 1024px) 100vw, 1024px\" \/><figcaption>celebraci\u00f3n d\u00eda internacional del pueblo gitano Faga y Romi 2021<\/figcaption><\/figure>\n","protected":false},"excerpt":{"rendered":"<p>Este es proyecto nace con una clara voluntad divulgativa, queremos explicar de forma sencilla y accesible a todas las personas la Historia y la cultura del pueblo gitano. Vamos a tratar de citar todas las fuentes, y buscar la mayor colaboraci\u00f3n entre todas las personas&nbsp;<a class=\"read-more\" href=\"http:\/\/cultura.fagavalencia.com\/index.php\/pagina-ejemplo\/\">&hellip;<\/a><\/p>\n","protected":false},"author":1,"featured_media":0,"parent":0,"menu_order":0,"comment_status":"closed","ping_status":"open","template":"","meta":[],"_links":{"self":[{"href":"http:\/\/cultura.fagavalencia.com\/index.php\/wp-json\/wp\/v2\/pages\/2"}],"collection":[{"href":"http:\/\/cultura.fagavalencia.com\/index.php\/wp-json\/wp\/v2\/pages"}],"about":[{"href":"http:\/\/cultura.fagavalencia.com\/index.php\/wp-json\/wp\/v2\/types\/page"}],"author":[{"embeddable":true,"href":"http:\/\/cultura.fagavalencia.com\/index.php\/wp-json\/wp\/v2\/users\/1"}],"replies":[{"embeddable":true,"href":"http:\/\/cultura.fagavalencia.com\/index.php\/wp-json\/wp\/v2\/comments?post=2"}],"version-history":[{"count":5,"href":"http:\/\/cultura.fagavalencia.com\/index.php\/wp-json\/wp\/v2\/pages\/2\/revisions"}],"predecessor-version":[{"id":64,"href":"http:\/\/cultura.fagavalencia.com\/index.php\/wp-json\/wp\/v2\/pages\/2\/revisions\/64"}],"wp:attachment":[{"href":"http:\/\/cultura.fagavalencia.com\/index.php\/wp-json\/wp\/v2\/media?parent=2"}],"curies":[{"name":"wp","href":"https:\/\/api.w.org\/{rel}","templated":true}]}}